{"id":17258,"date":"2024-10-09T12:02:19","date_gmt":"2024-10-09T15:02:19","guid":{"rendered":"http:\/\/comunidadtextil.com\/wpnews\/?page_id=17258"},"modified":"2024-10-09T12:02:19","modified_gmt":"2024-10-09T15:02:19","slug":"noticias-de-europa","status":"publish","type":"page","link":"https:\/\/comunidadtextil.com\/wpnews\/noticias-de-europa\/","title":{"rendered":"Noticias de Europa"},"content":{"rendered":"\n\t\t\t<div class=\"display-post-types\">\n\t\t\t\t\n\t\t\t\t\t\t\t<style type=\"text\/css\">\n\t\t\t#dpt-wrapper-30 { --dpt-text-align: left;--dpt-image-crop: center;--dpt-border-radius: 5px;--dpt-h-gutter: 10px;--dpt-v-gutter: 10px; }\t\t\t<\/style>\n\t\t\t<style type=\"text\/css\">#dpt-wrapper-30 { --dpt-title-font-style:normal;--dpt-title-font-weight:600;--dpt-title-font-size:22px;--dpt-title-line-height:1.5;--dpt-title-text-decoration:none;--dpt-title-text-transform:none;--dpt-title-text-color:#2e1111;--dpt-title-link-hover-color:#f740ab;--dpt-excerpt-font-style:normal;--dpt-excerpt-font-weight:400;--dpt-excerpt-line-height:1.5;--dpt-excerpt-text-decoration:none;--dpt-excerpt-text-transform:none;--dpt-meta1-font-style:normal;--dpt-meta1-font-weight:400;--dpt-meta1-line-height:1.9;--dpt-meta1-text-decoration:none;--dpt-meta1-text-transform:none;--dpt-meta2-font-style:normal;--dpt-meta2-font-weight:400;--dpt-meta2-line-height:1.9;--dpt-meta2-text-decoration:none;--dpt-meta2-text-transform:none;--dpt-wrapper-padding:10px 10px 10px 10px;--dpt-wrapper-br-width:1px 1px 1px 1px;--dpt-wrapper-entry-width:80%;--dpt-wrapper-br-radius:5px 5px 5px 5px;--dpt-wrapper-br-color:; }<\/style><div class=\" dpt-main-header\"><div class=\"dpt-main-title\"><a class=\"dpt-main-title-link\" href=\"https:\/\/comunidadtextil.com\/wpnews\/category\/noticias-de-europa\/\"><span class=\"dpt-main-title-text\">Noticias de Europa<\/span><\/a><\/div><\/div>\t\t\t\n\t\t\t\t<div id=\"dpt-wrapper-30\" class=\"dpt-wrapper dpt-list2 dpt-flex-wrap dpt-contained-wraptype\" >\n\n\t\t\t\t\t\t\t\t\t\t\t<div class=\"dpt-entry no-thumbnail\">\n\t\t\t\t\t\t\t<div class=\"dpt-entry-wrapper\"><h3 class=\" dpt-title\"><a class=\"dpt-title-link\" href=\"https:\/\/comunidadtextil.com\/wpnews\/2026\/05\/espana-premio-de-e-6000-a-la-investigacion-y-desarrollo-tecnologico-del-sector-textil\/\" rel=\"bookmark\">Espa\u00f1a: premio de \u20ac 6000 a la investigaci\u00f3n y desarrollo tecnol\u00f3gico del sector textil<\/a><\/h3><\/div>\n\t\t\t\t\t\t<\/div><!-- .dpt-entry -->\n\t\t\t\t\t\t\t\t\t\t\t\t<div class=\"dpt-entry no-thumbnail\">\n\t\t\t\t\t\t\t<div class=\"dpt-entry-wrapper\"><h3 class=\" dpt-title\"><a class=\"dpt-title-link\" href=\"https:\/\/comunidadtextil.com\/wpnews\/2026\/05\/moda-en-europa-aseguran-que-las-tiendas-multimarca-seguiran-siendo-competitivas\/\" rel=\"bookmark\">Moda: en Europa aseguran que las tiendas multimarca seguir\u00e1n siendo competitivas<\/a><\/h3><\/div>\n\t\t\t\t\t\t<\/div><!-- .dpt-entry -->\n\t\t\t\t\t\t\t\t\t\t\t\t<div class=\"dpt-entry no-thumbnail\">\n\t\t\t\t\t\t\t<div class=\"dpt-entry-wrapper\"><h3 class=\" dpt-title\"><a class=\"dpt-title-link\" href=\"https:\/\/comunidadtextil.com\/wpnews\/2026\/04\/en-alemania-los-minoristas-denuncian-los-estragos-que-estan-causando-shein-y-temu\/\" rel=\"bookmark\">En Alemania los minoristas denuncian los  estragos que causan Shein, Temu y otras<\/a><\/h3><\/div>\n\t\t\t\t\t\t<\/div><!-- .dpt-entry -->\n\t\t\t\t\t\t\t\t\t\t\t\t<div class=\"dpt-entry no-thumbnail\">\n\t\t\t\t\t\t\t<div class=\"dpt-entry-wrapper\"><h3 class=\" dpt-title\"><a class=\"dpt-title-link\" href=\"https:\/\/comunidadtextil.com\/wpnews\/2026\/04\/europa-lanzo-el-proyecto-fae-con-el-objetivo-de-impulsar-el-reciclado-textil-a-gran-escala\/\" rel=\"bookmark\">Europa lanz\u00f3 el proyecto FAE con el objetivo de impulsar el reciclado textil a gran escala<\/a><\/h3><\/div>\n\t\t\t\t\t\t<\/div><!-- .dpt-entry -->\n\t\t\t\t\t\t\t\t\t\t\t\t<div class=\"dpt-entry no-thumbnail\">\n\t\t\t\t\t\t\t<div class=\"dpt-entry-wrapper\"><h3 class=\" dpt-title\"><a class=\"dpt-title-link\" href=\"https:\/\/comunidadtextil.com\/wpnews\/2026\/04\/murio-adriano-goldschmied-disenador-italiano-reconocido-como-el-padrino-del-denim\/\" rel=\"bookmark\">Muri\u00f3 Adriano Goldschmied, dise\u00f1ador italiano reconocido como el \u201cpadrino del denim\u201d<\/a><\/h3><\/div>\n\t\t\t\t\t\t<\/div><!-- .dpt-entry -->\n\t\t\t\t\t\t\t\t\t\t\t\t<div class=\"dpt-entry no-thumbnail\">\n\t\t\t\t\t\t\t<div class=\"dpt-entry-wrapper\"><h3 class=\" dpt-title\"><a class=\"dpt-title-link\" href=\"https:\/\/comunidadtextil.com\/wpnews\/2026\/04\/los-minoristas-britanicos-le-piden-al-gobierno-que-quite-la-exencion-a-las-minimis\/\" rel=\"bookmark\">Los minoristas brit\u00e1nicos le piden al gobierno que quite la exenci\u00f3n a las \u2018minimis\u201d<\/a><\/h3><\/div>\n\t\t\t\t\t\t<\/div><!-- .dpt-entry -->\n\t\t\t\t\t\t\t\t\t\t\t\t<div class=\"dpt-entry no-thumbnail\">\n\t\t\t\t\t\t\t<div class=\"dpt-entry-wrapper\"><h3 class=\" dpt-title\"><a class=\"dpt-title-link\" href=\"https:\/\/comunidadtextil.com\/wpnews\/2026\/03\/los-empresarios-de-europa-reclaman-que-se-controlen-ya-las-compras-de-plataformas\/\" rel=\"bookmark\">Los empresarios de Europa reclaman que se controlen ya las compras de plataformas<\/a><\/h3><\/div>\n\t\t\t\t\t\t<\/div><!-- .dpt-entry -->\n\t\t\t\t\t\t\t\t\t\t\t\t<div class=\"dpt-entry no-thumbnail\">\n\t\t\t\t\t\t\t<div class=\"dpt-entry-wrapper\"><h3 class=\" dpt-title\"><a class=\"dpt-title-link\" href=\"https:\/\/comunidadtextil.com\/wpnews\/2026\/03\/la-crisis-politica-mundial-ya-obliga-a-fuertes-cambios-en-la-industria-textil-global\/\" rel=\"bookmark\">La crisis pol\u00edtica mundial ya obliga a fuertes cambios en la industria textil global<\/a><\/h3><\/div>\n\t\t\t\t\t\t<\/div><!-- .dpt-entry -->\n\t\t\t\t\t\t\t\t\t\t\t\t<div class=\"dpt-entry no-thumbnail\">\n\t\t\t\t\t\t\t<div class=\"dpt-entry-wrapper\"><h3 class=\" dpt-title\"><a class=\"dpt-title-link\" href=\"https:\/\/comunidadtextil.com\/wpnews\/2026\/02\/entre-la-moda-rapida-y-la-baja-del-lujo-los-productos-de-gama-media-buscan-su-precio\/\" rel=\"bookmark\">Entre la moda r\u00e1pida y la baja del lujo, los productos de gama media buscan su precio<\/a><\/h3><\/div>\n\t\t\t\t\t\t<\/div><!-- .dpt-entry -->\n\t\t\t\t\t\t\t\t\t\t\t\t<div class=\"dpt-entry no-thumbnail\">\n\t\t\t\t\t\t\t<div class=\"dpt-entry-wrapper\"><h3 class=\" dpt-title\"><a class=\"dpt-title-link\" href=\"https:\/\/comunidadtextil.com\/wpnews\/2026\/02\/avanza-en-francia-el-habito-de-realizar-compras-online-aplicando-el-sistema-de-ia\/\" rel=\"bookmark\">Avanza en Francia el h\u00e1bito de realizar compras online aplicando el sistema de IA<\/a><\/h3><\/div>\n\t\t\t\t\t\t<\/div><!-- .dpt-entry -->\n\t\t\t\t\t\t\t\t\t\t\t\t<div class=\"dpt-entry no-thumbnail\">\n\t\t\t\t\t\t\t<div class=\"dpt-entry-wrapper\"><h3 class=\" dpt-title\"><a class=\"dpt-title-link\" href=\"https:\/\/comunidadtextil.com\/wpnews\/2026\/02\/los-textiles-de-europa-exigen-que-la-sostenibilidad-no-les-complique-la-competitividad\/\" rel=\"bookmark\">Los textiles de Europa exigen que la sostenibilidad no les complique la competitividad<\/a><\/h3><\/div>\n\t\t\t\t\t\t<\/div><!-- .dpt-entry -->\n\t\t\t\t\t\t\t\t\t\t\t\t<div class=\"dpt-entry no-thumbnail\">\n\t\t\t\t\t\t\t<div class=\"dpt-entry-wrapper\"><h3 class=\" dpt-title\"><a class=\"dpt-title-link\" href=\"https:\/\/comunidadtextil.com\/wpnews\/2026\/02\/tratado-europa-mercosur-algunas-entidades-del-sector-se-adelantan-con-acuerdos\/\" rel=\"bookmark\">Tratado Europa &#8211; Mercosur: algunas entidades del sector se adelantan con acuerdos<\/a><\/h3><\/div>\n\t\t\t\t\t\t<\/div><!-- .dpt-entry -->\n\t\t\t\t\t\t\t\t\t\t\t\t<div class=\"dpt-entry no-thumbnail\">\n\t\t\t\t\t\t\t<div class=\"dpt-entry-wrapper\"><h3 class=\" dpt-title\"><a class=\"dpt-title-link\" href=\"https:\/\/comunidadtextil.com\/wpnews\/2026\/02\/europa-prohibe-la-destruccion-de-ropa-y-calzado-no-vendido-a-partir-de-julio-de-este-ano\/\" rel=\"bookmark\">Europa proh\u00edbe la destrucci\u00f3n de ropa y calzado no vendido a partir de julio de este a\u00f1o<\/a><\/h3><\/div>\n\t\t\t\t\t\t<\/div><!-- .dpt-entry -->\n\t\t\t\t\t\t\t\t\t\t\t\t<div class=\"dpt-entry no-thumbnail\">\n\t\t\t\t\t\t\t<div class=\"dpt-entry-wrapper\"><h3 class=\" dpt-title\"><a class=\"dpt-title-link\" href=\"https:\/\/comunidadtextil.com\/wpnews\/2026\/01\/se-realizara-el-1er-congreso-sobre-la-inteligencia-artificial-aplicada-al-mundo-de-la-moda\/\" rel=\"bookmark\">Se realizar\u00e1 el 1er. Congreso sobre la Inteligencia Artificial aplicada al mundo de la moda<\/a><\/h3><\/div>\n\t\t\t\t\t\t<\/div><!-- .dpt-entry -->\n\t\t\t\t\t\t\n\t\t\t\t<\/div>\n\t\t\t<div class=\"dp-pagination\"><span aria-current=\"page\" class=\"page-numbers current\">1<\/span>\n<a class=\"page-numbers\" href=\"https:\/\/comunidadtextil.com\/wpnews\/wp-json\/wp\/v2\/pages\/17258\/?paged1=2\">2<\/a>\n<a class=\"page-numbers\" href=\"https:\/\/comunidadtextil.com\/wpnews\/wp-json\/wp\/v2\/pages\/17258\/?paged1=3\">3<\/a>\n<span class=\"page-numbers dots\">&hellip;<\/span>\n<a class=\"page-numbers\" href=\"https:\/\/comunidadtextil.com\/wpnews\/wp-json\/wp\/v2\/pages\/17258\/?paged1=18\">18<\/a>\n<a class=\"next page-numbers\" href=\"https:\/\/comunidadtextil.com\/wpnews\/wp-json\/wp\/v2\/pages\/17258\/?paged1=2\">Siguiente &raquo;<\/a><\/div>\t\t\t<\/div>\n\t\t\t\n","protected":false},"excerpt":{"rendered":"","protected":false},"author":1924,"featured_media":0,"parent":0,"menu_order":0,"comment_status":"closed","ping_status":"closed","template":"","meta":{"footnotes":""},"class_list":["post-17258","page","type-page","status-publish","hentry","count-0","even alt","author-adminct","last"],"_links":{"self":[{"href":"https:\/\/comunidadtextil.com\/wpnews\/wp-json\/wp\/v2\/pages\/17258","targetHints":{"allow":["GET"]}}],"collection":[{"href":"https:\/\/comunidadtextil.com\/wpnews\/wp-json\/wp\/v2\/pages"}],"about":[{"href":"https:\/\/comunidadtextil.com\/wpnews\/wp-json\/wp\/v2\/types\/page"}],"author":[{"embeddable":true,"href":"https:\/\/comunidadtextil.com\/wpnews\/wp-json\/wp\/v2\/users\/1924"}],"replies":[{"embeddable":true,"href":"https:\/\/comunidadtextil.com\/wpnews\/wp-json\/wp\/v2\/comments?post=17258"}],"version-history":[{"count":1,"href":"https:\/\/comunidadtextil.com\/wpnews\/wp-json\/wp\/v2\/pages\/17258\/revisions"}],"predecessor-version":[{"id":17259,"href":"https:\/\/comunidadtextil.com\/wpnews\/wp-json\/wp\/v2\/pages\/17258\/revisions\/17259"}],"wp:attachment":[{"href":"https:\/\/comunidadtextil.com\/wpnews\/wp-json\/wp\/v2\/media?parent=17258"}],"curies":[{"name":"wp","href":"https:\/\/api.w.org\/{rel}","templated":true}]}}