{"id":17246,"date":"2024-10-09T11:55:42","date_gmt":"2024-10-09T14:55:42","guid":{"rendered":"http:\/\/comunidadtextil.com\/wpnews\/?page_id=17246"},"modified":"2024-10-09T11:55:42","modified_gmt":"2024-10-09T14:55:42","slug":"mercados","status":"publish","type":"page","link":"https:\/\/comunidadtextil.com\/wpnews\/mercados\/","title":{"rendered":"Mercados"},"content":{"rendered":"\n\t\t\t<div class=\"display-post-types\">\n\t\t\t\t\n\t\t\t\t\t\t\t<style type=\"text\/css\">\n\t\t\t#dpt-wrapper-820 { --dpt-text-align: left;--dpt-image-crop: center;--dpt-border-radius: 5px;--dpt-h-gutter: 10px;--dpt-v-gutter: 10px; }\t\t\t<\/style>\n\t\t\t<style type=\"text\/css\">#dpt-wrapper-820 { --dpt-title-font-style:normal;--dpt-title-font-weight:600;--dpt-title-font-size:22px;--dpt-title-line-height:1.5;--dpt-title-text-decoration:none;--dpt-title-text-transform:none;--dpt-title-text-color:#2e1111;--dpt-title-link-hover-color:#f740ab;--dpt-excerpt-font-style:normal;--dpt-excerpt-font-weight:400;--dpt-excerpt-line-height:1.5;--dpt-excerpt-text-decoration:none;--dpt-excerpt-text-transform:none;--dpt-meta1-font-style:normal;--dpt-meta1-font-weight:400;--dpt-meta1-line-height:1.9;--dpt-meta1-text-decoration:none;--dpt-meta1-text-transform:none;--dpt-meta2-font-style:normal;--dpt-meta2-font-weight:400;--dpt-meta2-line-height:1.9;--dpt-meta2-text-decoration:none;--dpt-meta2-text-transform:none;--dpt-wrapper-padding:10px 10px 10px 10px;--dpt-wrapper-br-width:1px 1px 1px 1px;--dpt-wrapper-entry-width:80%;--dpt-wrapper-br-radius:5px 5px 5px 5px;--dpt-wrapper-br-color:; }<\/style><div class=\" dpt-main-header\"><div class=\"dpt-main-title\"><a class=\"dpt-main-title-link\" href=\"https:\/\/comunidadtextil.com\/wpnews\/category\/mercados\/\"><span class=\"dpt-main-title-text\">Mercados<\/span><\/a><\/div><\/div>\t\t\t\n\t\t\t\t<div id=\"dpt-wrapper-820\" class=\"dpt-wrapper dpt-list2 dpt-flex-wrap dpt-contained-wraptype\" >\n\n\t\t\t\t\t\t\t\t\t\t\t<div class=\"dpt-entry no-thumbnail\">\n\t\t\t\t\t\t\t<div class=\"dpt-entry-wrapper\"><h3 class=\" dpt-title\"><a class=\"dpt-title-link\" href=\"https:\/\/comunidadtextil.com\/wpnews\/2026\/04\/en-alemania-los-minoristas-denuncian-los-estragos-que-estan-causando-shein-y-temu\/\" rel=\"bookmark\">En Alemania los minoristas denuncian los  estragos que causan Shein, Temu y otras<\/a><\/h3><\/div>\n\t\t\t\t\t\t<\/div><!-- .dpt-entry -->\n\t\t\t\t\t\t\t\t\t\t\t\t<div class=\"dpt-entry no-thumbnail\">\n\t\t\t\t\t\t\t<div class=\"dpt-entry-wrapper\"><h3 class=\" dpt-title\"><a class=\"dpt-title-link\" href=\"https:\/\/comunidadtextil.com\/wpnews\/2026\/04\/el-gobierno-argentino-quita-funciones-al-inti-y-genera-perjuicios-a-la-industria-textil\/\" rel=\"bookmark\">El gobierno argentino quita funciones al INTI y genera perjuicios a la industria textil<\/a><\/h3><\/div>\n\t\t\t\t\t\t<\/div><!-- .dpt-entry -->\n\t\t\t\t\t\t\t\t\t\t\t\t<div class=\"dpt-entry no-thumbnail\">\n\t\t\t\t\t\t\t<div class=\"dpt-entry-wrapper\"><h3 class=\" dpt-title\"><a class=\"dpt-title-link\" href=\"https:\/\/comunidadtextil.com\/wpnews\/2026\/04\/una-encuesta-muestra-que-el-mundo-textil-esta-alterado-por-la-escalada-belica-de-ee-uu\/\" rel=\"bookmark\">Una encuesta muestra que el mundo textil esta alterado por la escalada b\u00e9lica de EE.UU.<\/a><\/h3><\/div>\n\t\t\t\t\t\t<\/div><!-- .dpt-entry -->\n\t\t\t\t\t\t\t\t\t\t\t\t<div class=\"dpt-entry no-thumbnail\">\n\t\t\t\t\t\t\t<div class=\"dpt-entry-wrapper\"><h3 class=\" dpt-title\"><a class=\"dpt-title-link\" href=\"https:\/\/comunidadtextil.com\/wpnews\/2026\/04\/argentina-denuncian-que-el-76-de-las-importaciones-del-sector-textil-ingresaron-al-pais-a-precios-subfacturados\/\" rel=\"bookmark\">Argentina: denuncian que el 76% de las importaciones del sector textil ingresaron al pa\u00eds a precios subfacturados<\/a><\/h3><\/div>\n\t\t\t\t\t\t<\/div><!-- .dpt-entry -->\n\t\t\t\t\t\t\t\t\t\t\t\t<div class=\"dpt-entry no-thumbnail\">\n\t\t\t\t\t\t\t<div class=\"dpt-entry-wrapper\"><h3 class=\" dpt-title\"><a class=\"dpt-title-link\" href=\"https:\/\/comunidadtextil.com\/wpnews\/2026\/04\/los-minoristas-britanicos-le-piden-al-gobierno-que-quite-la-exencion-a-las-minimis\/\" rel=\"bookmark\">Los minoristas brit\u00e1nicos le piden al gobierno que quite la exenci\u00f3n a las \u2018minimis\u201d<\/a><\/h3><\/div>\n\t\t\t\t\t\t<\/div><!-- .dpt-entry -->\n\t\t\t\t\t\t\t\t\t\t\t\t<div class=\"dpt-entry no-thumbnail\">\n\t\t\t\t\t\t\t<div class=\"dpt-entry-wrapper\"><h3 class=\" dpt-title\"><a class=\"dpt-title-link\" href=\"https:\/\/comunidadtextil.com\/wpnews\/2026\/03\/los-empresarios-de-europa-reclaman-que-se-controlen-ya-las-compras-de-plataformas\/\" rel=\"bookmark\">Los empresarios de Europa reclaman que se controlen ya las compras de plataformas<\/a><\/h3><\/div>\n\t\t\t\t\t\t<\/div><!-- .dpt-entry -->\n\t\t\t\t\t\t\t\t\t\t\t\t<div class=\"dpt-entry no-thumbnail\">\n\t\t\t\t\t\t\t<div class=\"dpt-entry-wrapper\"><h3 class=\" dpt-title\"><a class=\"dpt-title-link\" href=\"https:\/\/comunidadtextil.com\/wpnews\/2026\/03\/automatizacion-las-fabricas-textiles-abandonan-oriente-y-vuelven-a-paises-centrales\/\" rel=\"bookmark\">Automatizaci\u00f3n: las f\u00e1bricas textiles abandonan Oriente y vuelven a pa\u00edses centrales?<\/a><\/h3><\/div>\n\t\t\t\t\t\t<\/div><!-- .dpt-entry -->\n\t\t\t\t\t\t\t\t\t\t\t\t<div class=\"dpt-entry no-thumbnail\">\n\t\t\t\t\t\t\t<div class=\"dpt-entry-wrapper\"><h3 class=\" dpt-title\"><a class=\"dpt-title-link\" href=\"https:\/\/comunidadtextil.com\/wpnews\/2026\/02\/entre-la-moda-rapida-y-la-baja-del-lujo-los-productos-de-gama-media-buscan-su-precio\/\" rel=\"bookmark\">Entre la moda r\u00e1pida y la baja del lujo, los productos de gama media buscan su precio<\/a><\/h3><\/div>\n\t\t\t\t\t\t<\/div><!-- .dpt-entry -->\n\t\t\t\t\t\t\t\t\t\t\t\t<div class=\"dpt-entry no-thumbnail\">\n\t\t\t\t\t\t\t<div class=\"dpt-entry-wrapper\"><h3 class=\" dpt-title\"><a class=\"dpt-title-link\" href=\"https:\/\/comunidadtextil.com\/wpnews\/2026\/02\/peru-recupera-exportaciones-pero-sufre-el-gran-impacto-de-las-importaciones-asiaticas\/\" rel=\"bookmark\">Per\u00fa recupera exportaciones, pero sufre el gran impacto de las importaciones asi\u00e1ticas<\/a><\/h3><\/div>\n\t\t\t\t\t\t<\/div><!-- .dpt-entry -->\n\t\t\t\t\t\t\t\t\t\t\t\t<div class=\"dpt-entry no-thumbnail\">\n\t\t\t\t\t\t\t<div class=\"dpt-entry-wrapper\"><h3 class=\" dpt-title\"><a class=\"dpt-title-link\" href=\"https:\/\/comunidadtextil.com\/wpnews\/2026\/02\/avanza-en-francia-el-habito-de-realizar-compras-online-aplicando-el-sistema-de-ia\/\" rel=\"bookmark\">Avanza en Francia el h\u00e1bito de realizar compras online aplicando el sistema de IA<\/a><\/h3><\/div>\n\t\t\t\t\t\t<\/div><!-- .dpt-entry -->\n\t\t\t\t\t\t\t\t\t\t\t\t<div class=\"dpt-entry no-thumbnail\">\n\t\t\t\t\t\t\t<div class=\"dpt-entry-wrapper\"><h3 class=\" dpt-title\"><a class=\"dpt-title-link\" href=\"https:\/\/comunidadtextil.com\/wpnews\/2026\/02\/dicen-en-nueva-york-que-los-aranceles-los-paga-el-mercado-de-los-ee-uu\/\" rel=\"bookmark\">Dicen en Nueva York que los aranceles los paga el mercado de los EE.UU.<\/a><\/h3><\/div>\n\t\t\t\t\t\t<\/div><!-- .dpt-entry -->\n\t\t\t\t\t\t\t\t\t\t\t\t<div class=\"dpt-entry no-thumbnail\">\n\t\t\t\t\t\t\t<div class=\"dpt-entry-wrapper\"><h3 class=\" dpt-title\"><a class=\"dpt-title-link\" href=\"https:\/\/comunidadtextil.com\/wpnews\/2026\/02\/tratado-europa-mercosur-algunas-entidades-del-sector-se-adelantan-con-acuerdos\/\" rel=\"bookmark\">Tratado Europa &#8211; Mercosur: algunas entidades del sector se adelantan con acuerdos<\/a><\/h3><\/div>\n\t\t\t\t\t\t<\/div><!-- .dpt-entry -->\n\t\t\t\t\t\t\t\t\t\t\t\t<div class=\"dpt-entry no-thumbnail\">\n\t\t\t\t\t\t\t<div class=\"dpt-entry-wrapper\"><h3 class=\" dpt-title\"><a class=\"dpt-title-link\" href=\"https:\/\/comunidadtextil.com\/wpnews\/2026\/02\/ecuador-desato-una-guerra-comercial-con-colombia-y-se-rompe-el-intercambio-regional\/\" rel=\"bookmark\">Ecuador desat\u00f3 una guerra comercial con Colombia y se rompe el intercambio regional<\/a><\/h3><\/div>\n\t\t\t\t\t\t<\/div><!-- .dpt-entry -->\n\t\t\t\t\t\t\t\t\t\t\t\t<div class=\"dpt-entry no-thumbnail\">\n\t\t\t\t\t\t\t<div class=\"dpt-entry-wrapper\"><h3 class=\" dpt-title\"><a class=\"dpt-title-link\" href=\"https:\/\/comunidadtextil.com\/wpnews\/2026\/02\/colombia-las-compras-en-las-plataformas-golpean-fuerte-al-sector-textil-y-confeccionista\/\" rel=\"bookmark\">Colombia: las compras en las plataformas golpean fuerte al sector textil y confeccionista<\/a><\/h3><\/div>\n\t\t\t\t\t\t<\/div><!-- .dpt-entry -->\n\t\t\t\t\t\t\n\t\t\t\t<\/div>\n\t\t\t<div class=\"dp-pagination\"><span aria-current=\"page\" class=\"page-numbers current\">1<\/span>\n<a class=\"page-numbers\" href=\"https:\/\/comunidadtextil.com\/wpnews\/wp-json\/wp\/v2\/pages\/17246\/?paged1=2\">2<\/a>\n<a class=\"page-numbers\" href=\"https:\/\/comunidadtextil.com\/wpnews\/wp-json\/wp\/v2\/pages\/17246\/?paged1=3\">3<\/a>\n<span class=\"page-numbers dots\">&hellip;<\/span>\n<a class=\"page-numbers\" href=\"https:\/\/comunidadtextil.com\/wpnews\/wp-json\/wp\/v2\/pages\/17246\/?paged1=26\">26<\/a>\n<a class=\"next page-numbers\" href=\"https:\/\/comunidadtextil.com\/wpnews\/wp-json\/wp\/v2\/pages\/17246\/?paged1=2\">Siguiente &raquo;<\/a><\/div>\t\t\t<\/div>\n\t\t\t\n","protected":false},"excerpt":{"rendered":"","protected":false},"author":1924,"featured_media":0,"parent":0,"menu_order":0,"comment_status":"closed","ping_status":"closed","template":"","meta":{"footnotes":""},"class_list":["post-17246","page","type-page","status-publish","hentry","count-0","even alt","author-adminct","last"],"_links":{"self":[{"href":"https:\/\/comunidadtextil.com\/wpnews\/wp-json\/wp\/v2\/pages\/17246","targetHints":{"allow":["GET"]}}],"collection":[{"href":"https:\/\/comunidadtextil.com\/wpnews\/wp-json\/wp\/v2\/pages"}],"about":[{"href":"https:\/\/comunidadtextil.com\/wpnews\/wp-json\/wp\/v2\/types\/page"}],"author":[{"embeddable":true,"href":"https:\/\/comunidadtextil.com\/wpnews\/wp-json\/wp\/v2\/users\/1924"}],"replies":[{"embeddable":true,"href":"https:\/\/comunidadtextil.com\/wpnews\/wp-json\/wp\/v2\/comments?post=17246"}],"version-history":[{"count":1,"href":"https:\/\/comunidadtextil.com\/wpnews\/wp-json\/wp\/v2\/pages\/17246\/revisions"}],"predecessor-version":[{"id":17247,"href":"https:\/\/comunidadtextil.com\/wpnews\/wp-json\/wp\/v2\/pages\/17246\/revisions\/17247"}],"wp:attachment":[{"href":"https:\/\/comunidadtextil.com\/wpnews\/wp-json\/wp\/v2\/media?parent=17246"}],"curies":[{"name":"wp","href":"https:\/\/api.w.org\/{rel}","templated":true}]}}