{"id":17238,"date":"2024-10-09T11:52:30","date_gmt":"2024-10-09T14:52:30","guid":{"rendered":"http:\/\/comunidadtextil.com\/wpnews\/?page_id=17238"},"modified":"2024-10-17T13:35:49","modified_gmt":"2024-10-17T16:35:49","slug":"industria-textil-3","status":"publish","type":"page","link":"https:\/\/comunidadtextil.com\/wpnews\/industria-textil-3\/","title":{"rendered":"Industria Textil"},"content":{"rendered":"\n\t\t\t<div class=\"display-post-types\">\n\t\t\t\t\n\t\t\t\t\t\t\t<style type=\"text\/css\">\n\t\t\t#dpt-wrapper-794 { --dpt-text-align: left;--dpt-image-crop: center;--dpt-border-radius: 5px;--dpt-h-gutter: 10px;--dpt-v-gutter: 10px; }\t\t\t<\/style>\n\t\t\t<style type=\"text\/css\">#dpt-wrapper-794 { --dpt-title-font-style:normal;--dpt-title-font-weight:600;--dpt-title-font-size:22px;--dpt-title-line-height:1.5;--dpt-title-text-decoration:none;--dpt-title-text-transform:none;--dpt-title-text-color:#2e1111;--dpt-title-link-hover-color:#f740ab;--dpt-excerpt-font-style:normal;--dpt-excerpt-font-weight:400;--dpt-excerpt-line-height:1.5;--dpt-excerpt-text-decoration:none;--dpt-excerpt-text-transform:none;--dpt-meta1-font-style:normal;--dpt-meta1-font-weight:400;--dpt-meta1-line-height:1.9;--dpt-meta1-text-decoration:none;--dpt-meta1-text-transform:none;--dpt-meta2-font-style:normal;--dpt-meta2-font-weight:400;--dpt-meta2-line-height:1.9;--dpt-meta2-text-decoration:none;--dpt-meta2-text-transform:none;--dpt-wrapper-padding:10px 10px 10px 10px;--dpt-wrapper-br-width:1px 1px 1px 1px;--dpt-wrapper-entry-width:80%;--dpt-wrapper-br-radius:5px 5px 5px 5px;--dpt-wrapper-br-color:; }<\/style><div class=\" dpt-main-header\"><div class=\"dpt-main-title\"><a class=\"dpt-main-title-link\" href=\"https:\/\/comunidadtextil.com\/wpnews\/category\/industria-textil\/\"><span class=\"dpt-main-title-text\">Industria Textil<\/span><\/a><\/div><\/div>\t\t\t\n\t\t\t\t<div id=\"dpt-wrapper-794\" class=\"dpt-wrapper dpt-list2 dpt-flex-wrap dpt-contained-wraptype\" >\n\n\t\t\t\t\t\t\t\t\t\t\t<div class=\"dpt-entry no-thumbnail\">\n\t\t\t\t\t\t\t<div class=\"dpt-entry-wrapper\"><h3 class=\" dpt-title\"><a class=\"dpt-title-link\" href=\"https:\/\/comunidadtextil.com\/wpnews\/2026\/04\/para-la-fundacion-protejer-argentina-va-a-contramano-del-resto-de-las-naciones\/\" rel=\"bookmark\">Para la Fundaci\u00f3n ProTejer, Argentina va a contramano del resto de las naciones<\/a><\/h3><\/div>\n\t\t\t\t\t\t<\/div><!-- .dpt-entry -->\n\t\t\t\t\t\t\t\t\t\t\t\t<div class=\"dpt-entry no-thumbnail\">\n\t\t\t\t\t\t\t<div class=\"dpt-entry-wrapper\"><h3 class=\" dpt-title\"><a class=\"dpt-title-link\" href=\"https:\/\/comunidadtextil.com\/wpnews\/2026\/04\/argentina-desarrollaron-un-algodon-de-fibra-extra-larga-que-compite-en-alta-calidad\/\" rel=\"bookmark\">Argentina: desarrollaron un algod\u00f3n de fibra extra larga que compite en alta calidad<\/a><\/h3><\/div>\n\t\t\t\t\t\t<\/div><!-- .dpt-entry -->\n\t\t\t\t\t\t\t\t\t\t\t\t<div class=\"dpt-entry no-thumbnail\">\n\t\t\t\t\t\t\t<div class=\"dpt-entry-wrapper\"><h3 class=\" dpt-title\"><a class=\"dpt-title-link\" href=\"https:\/\/comunidadtextil.com\/wpnews\/2026\/04\/paraguay-por-el-sistema-de-maquila-crece-la-produccion-del-sector-textil-confecciones\/\" rel=\"bookmark\">Paraguay: por el sistema de maquila crece la producci\u00f3n del sector textil-confecciones<\/a><\/h3><\/div>\n\t\t\t\t\t\t<\/div><!-- .dpt-entry -->\n\t\t\t\t\t\t\t\t\t\t\t\t<div class=\"dpt-entry no-thumbnail\">\n\t\t\t\t\t\t\t<div class=\"dpt-entry-wrapper\"><h3 class=\" dpt-title\"><a class=\"dpt-title-link\" href=\"https:\/\/comunidadtextil.com\/wpnews\/2026\/04\/murio-adriano-goldschmied-disenador-italiano-reconocido-como-el-padrino-del-denim\/\" rel=\"bookmark\">Muri\u00f3 Adriano Goldschmied, dise\u00f1ador italiano reconocido como el \u201cpadrino del denim\u201d<\/a><\/h3><\/div>\n\t\t\t\t\t\t<\/div><!-- .dpt-entry -->\n\t\t\t\t\t\t\t\t\t\t\t\t<div class=\"dpt-entry no-thumbnail\">\n\t\t\t\t\t\t\t<div class=\"dpt-entry-wrapper\"><h3 class=\" dpt-title\"><a class=\"dpt-title-link\" href=\"https:\/\/comunidadtextil.com\/wpnews\/2026\/03\/la-industria-pyme-argentina-llevo-al-parlamento-un-fuerte-proyecto-para-la-reactivacion\/\" rel=\"bookmark\">La industria PYME argentina llev\u00f3 al Parlamento un fuerte proyecto para la reactivaci\u00f3n<\/a><\/h3><\/div>\n\t\t\t\t\t\t<\/div><!-- .dpt-entry -->\n\t\t\t\t\t\t\t\t\t\t\t\t<div class=\"dpt-entry no-thumbnail\">\n\t\t\t\t\t\t\t<div class=\"dpt-entry-wrapper\"><h3 class=\" dpt-title\"><a class=\"dpt-title-link\" href=\"https:\/\/comunidadtextil.com\/wpnews\/2026\/03\/peru-acuerda-promover-la-manufactura-responsable-en-el-sector-textil-y-de-confeccion\/\" rel=\"bookmark\">Per\u00fa acuerda promover la manufactura responsable en el sector textil y de confecci\u00f3n<\/a><\/h3><\/div>\n\t\t\t\t\t\t<\/div><!-- .dpt-entry -->\n\t\t\t\t\t\t\t\t\t\t\t\t<div class=\"dpt-entry no-thumbnail\">\n\t\t\t\t\t\t\t<div class=\"dpt-entry-wrapper\"><h3 class=\" dpt-title\"><a class=\"dpt-title-link\" href=\"https:\/\/comunidadtextil.com\/wpnews\/2026\/03\/las-mujeres-son-el-80-del-personal-que-trabaja-en-la-industria-de-la-indumentaria\/\" rel=\"bookmark\">Las mujeres son el 80% del personal que trabaja en la industria de la indumentaria<\/a><\/h3><\/div>\n\t\t\t\t\t\t<\/div><!-- .dpt-entry -->\n\t\t\t\t\t\t\t\t\t\t\t\t<div class=\"dpt-entry no-thumbnail\">\n\t\t\t\t\t\t\t<div class=\"dpt-entry-wrapper\"><h3 class=\" dpt-title\"><a class=\"dpt-title-link\" href=\"https:\/\/comunidadtextil.com\/wpnews\/2026\/03\/texcin-y-dass-van-a-producir-indumentaria-deportiva-de-grandes-marcas-en-paraguay\/\" rel=\"bookmark\">Texcin y Dass van a producir indumentaria deportiva de grandes marcas en Paraguay<\/a><\/h3><\/div>\n\t\t\t\t\t\t<\/div><!-- .dpt-entry -->\n\t\t\t\t\t\t\t\t\t\t\t\t<div class=\"dpt-entry no-thumbnail\">\n\t\t\t\t\t\t\t<div class=\"dpt-entry-wrapper\"><h3 class=\" dpt-title\"><a class=\"dpt-title-link\" href=\"https:\/\/comunidadtextil.com\/wpnews\/2026\/03\/las-grandes-empresas-van-por-una-ia-que-brinde-mas-eficiencia-a-su-produccion\/\" rel=\"bookmark\">Las grandes empresas van por una IA que brinde m\u00e1s eficiencia a su producci\u00f3n<\/a><\/h3><\/div>\n\t\t\t\t\t\t<\/div><!-- .dpt-entry -->\n\t\t\t\t\t\t\t\t\t\t\t\t<div class=\"dpt-entry no-thumbnail\">\n\t\t\t\t\t\t\t<div class=\"dpt-entry-wrapper\"><h3 class=\" dpt-title\"><a class=\"dpt-title-link\" href=\"https:\/\/comunidadtextil.com\/wpnews\/2026\/03\/argentina-los-empresarios-dicen-que-la-industria-textil-vive-una-situacion-terminal\/\" rel=\"bookmark\">Argentina: los empresarios dicen que la industria textil vive una situaci\u00f3n terminal<\/a><\/h3><\/div>\n\t\t\t\t\t\t<\/div><!-- .dpt-entry -->\n\t\t\t\t\t\t\t\t\t\t\t\t<div class=\"dpt-entry no-thumbnail\">\n\t\t\t\t\t\t\t<div class=\"dpt-entry-wrapper\"><h3 class=\" dpt-title\"><a class=\"dpt-title-link\" href=\"https:\/\/comunidadtextil.com\/wpnews\/2026\/02\/escandalo-adidas-fabrica-en-en-tailandia-la-camiseta-de-la-seleccion-argentina-de-futbol\/\" rel=\"bookmark\">Esc\u00e1ndalo: Adidas fabrica en en Tailandia la camiseta de la selecci\u00f3n argentina de f\u00fatbol<\/a><\/h3><\/div>\n\t\t\t\t\t\t<\/div><!-- .dpt-entry -->\n\t\t\t\t\t\t\t\t\t\t\t\t<div class=\"dpt-entry no-thumbnail\">\n\t\t\t\t\t\t\t<div class=\"dpt-entry-wrapper\"><h3 class=\" dpt-title\"><a class=\"dpt-title-link\" href=\"https:\/\/comunidadtextil.com\/wpnews\/2026\/02\/espana-cerro-el-2025-con-reduccion-de-la-produccion-en-la-industria-de-la-moda\/\" rel=\"bookmark\">Espa\u00f1a cerr\u00f3 el 2025 con reducci\u00f3n de la producci\u00f3n en la industria de la moda<\/a><\/h3><\/div>\n\t\t\t\t\t\t<\/div><!-- .dpt-entry -->\n\t\t\t\t\t\t\t\t\t\t\t\t<div class=\"dpt-entry no-thumbnail\">\n\t\t\t\t\t\t\t<div class=\"dpt-entry-wrapper\"><h3 class=\" dpt-title\"><a class=\"dpt-title-link\" href=\"https:\/\/comunidadtextil.com\/wpnews\/2026\/02\/la-moda-uruguaya-llego-a-la-ciudad-de-nueva-york-gracias-al-apoyo-uruguay-collective\/\" rel=\"bookmark\">La moda uruguaya lleg\u00f3 a la ciudad de Nueva York gracias al apoyo Uruguay Collective<\/a><\/h3><\/div>\n\t\t\t\t\t\t<\/div><!-- .dpt-entry -->\n\t\t\t\t\t\t\t\t\t\t\t\t<div class=\"dpt-entry no-thumbnail\">\n\t\t\t\t\t\t\t<div class=\"dpt-entry-wrapper\"><h3 class=\" dpt-title\"><a class=\"dpt-title-link\" href=\"https:\/\/comunidadtextil.com\/wpnews\/2026\/02\/pronostican-que-el-mercado-de-brasil-se-expandira-a-una-tasa-del-78-en-2026-2034\/\" rel=\"bookmark\">Pronostican que el mercado de Brasil se expandir\u00e1 a una tasa del 7,8% en 2026-2034<\/a><\/h3><\/div>\n\t\t\t\t\t\t<\/div><!-- .dpt-entry -->\n\t\t\t\t\t\t\n\t\t\t\t<\/div>\n\t\t\t<div class=\"dp-pagination\"><span aria-current=\"page\" class=\"page-numbers current\">1<\/span>\n<a class=\"page-numbers\" href=\"https:\/\/comunidadtextil.com\/wpnews\/wp-json\/wp\/v2\/pages\/17238\/?paged1=2\">2<\/a>\n<a class=\"page-numbers\" href=\"https:\/\/comunidadtextil.com\/wpnews\/wp-json\/wp\/v2\/pages\/17238\/?paged1=3\">3<\/a>\n<span class=\"page-numbers dots\">&hellip;<\/span>\n<a class=\"page-numbers\" href=\"https:\/\/comunidadtextil.com\/wpnews\/wp-json\/wp\/v2\/pages\/17238\/?paged1=27\">27<\/a>\n<a class=\"next page-numbers\" href=\"https:\/\/comunidadtextil.com\/wpnews\/wp-json\/wp\/v2\/pages\/17238\/?paged1=2\">Siguiente &raquo;<\/a><\/div>\t\t\t<\/div>\n\t\t\t\n","protected":false},"excerpt":{"rendered":"","protected":false},"author":1924,"featured_media":0,"parent":0,"menu_order":0,"comment_status":"closed","ping_status":"closed","template":"","meta":{"footnotes":""},"class_list":["post-17238","page","type-page","status-publish","hentry","count-0","even alt","author-adminct","last"],"_links":{"self":[{"href":"https:\/\/comunidadtextil.com\/wpnews\/wp-json\/wp\/v2\/pages\/17238","targetHints":{"allow":["GET"]}}],"collection":[{"href":"https:\/\/comunidadtextil.com\/wpnews\/wp-json\/wp\/v2\/pages"}],"about":[{"href":"https:\/\/comunidadtextil.com\/wpnews\/wp-json\/wp\/v2\/types\/page"}],"author":[{"embeddable":true,"href":"https:\/\/comunidadtextil.com\/wpnews\/wp-json\/wp\/v2\/users\/1924"}],"replies":[{"embeddable":true,"href":"https:\/\/comunidadtextil.com\/wpnews\/wp-json\/wp\/v2\/comments?post=17238"}],"version-history":[{"count":1,"href":"https:\/\/comunidadtextil.com\/wpnews\/wp-json\/wp\/v2\/pages\/17238\/revisions"}],"predecessor-version":[{"id":17239,"href":"https:\/\/comunidadtextil.com\/wpnews\/wp-json\/wp\/v2\/pages\/17238\/revisions\/17239"}],"wp:attachment":[{"href":"https:\/\/comunidadtextil.com\/wpnews\/wp-json\/wp\/v2\/media?parent=17238"}],"curies":[{"name":"wp","href":"https:\/\/api.w.org\/{rel}","templated":true}]}}