{"id":17235,"date":"2024-10-09T11:50:48","date_gmt":"2024-10-09T14:50:48","guid":{"rendered":"http:\/\/comunidadtextil.com\/wpnews\/?page_id=17235"},"modified":"2024-10-09T11:51:34","modified_gmt":"2024-10-09T14:51:34","slug":"industria-de-la-confeccion","status":"publish","type":"page","link":"https:\/\/comunidadtextil.com\/wpnews\/industria-de-la-confeccion\/","title":{"rendered":"Industria de la Confecci\u00f3n"},"content":{"rendered":"\n\t\t\t<div class=\"display-post-types\">\n\t\t\t\t\n\t\t\t\t\t\t\t<style type=\"text\/css\">\n\t\t\t#dpt-wrapper-597 { --dpt-text-align: left;--dpt-image-crop: center;--dpt-border-radius: 5px;--dpt-h-gutter: 10px;--dpt-v-gutter: 10px; }\t\t\t<\/style>\n\t\t\t<style type=\"text\/css\">#dpt-wrapper-597 { --dpt-title-font-style:normal;--dpt-title-font-weight:600;--dpt-title-font-size:22px;--dpt-title-line-height:1.5;--dpt-title-text-decoration:none;--dpt-title-text-transform:none;--dpt-title-text-color:#2e1111;--dpt-title-link-hover-color:#f740ab;--dpt-excerpt-font-style:normal;--dpt-excerpt-font-weight:400;--dpt-excerpt-line-height:1.5;--dpt-excerpt-text-decoration:none;--dpt-excerpt-text-transform:none;--dpt-meta1-font-style:normal;--dpt-meta1-font-weight:400;--dpt-meta1-line-height:1.9;--dpt-meta1-text-decoration:none;--dpt-meta1-text-transform:none;--dpt-meta2-font-style:normal;--dpt-meta2-font-weight:400;--dpt-meta2-line-height:1.9;--dpt-meta2-text-decoration:none;--dpt-meta2-text-transform:none;--dpt-wrapper-padding:10px 10px 10px 10px;--dpt-wrapper-br-width:1px 1px 1px 1px;--dpt-wrapper-entry-width:80%;--dpt-wrapper-br-radius:5px 5px 5px 5px;--dpt-wrapper-br-color:; }<\/style><div class=\" dpt-main-header\"><div class=\"dpt-main-title\"><a class=\"dpt-main-title-link\" href=\"https:\/\/comunidadtextil.com\/wpnews\/category\/industria-de-la-confeccion\/\"><span class=\"dpt-main-title-text\">Industria de la Confecci\u00f3n<\/span><\/a><\/div><\/div>\t\t\t\n\t\t\t\t<div id=\"dpt-wrapper-597\" class=\"dpt-wrapper dpt-list2 dpt-flex-wrap dpt-contained-wraptype\" >\n\n\t\t\t\t\t\t\t\t\t\t\t<div class=\"dpt-entry no-thumbnail\">\n\t\t\t\t\t\t\t<div class=\"dpt-entry-wrapper\"><h3 class=\" dpt-title\"><a class=\"dpt-title-link\" href=\"https:\/\/comunidadtextil.com\/wpnews\/2024\/02\/south-latitude-argentina-va-producir-en-la-patagonia-sus-prendas-en-lana-organica\/\" rel=\"bookmark\">South Latitude Argentina va producir en la Patagonia sus prendas en lana org\u00e1nica<\/a><\/h3><\/div>\n\t\t\t\t\t\t<\/div><!-- .dpt-entry -->\n\t\t\t\t\t\t\t\t\t\t\t\t<div class=\"dpt-entry no-thumbnail\">\n\t\t\t\t\t\t\t<div class=\"dpt-entry-wrapper\"><h3 class=\" dpt-title\"><a class=\"dpt-title-link\" href=\"https:\/\/comunidadtextil.com\/wpnews\/2023\/08\/conagen-lanzo-un-adhesivo-despegable-para-confeccion-que-facilita-pegado-y-reciclado\/\" rel=\"bookmark\">Conagen lanz\u00f3 un adhesivo despegable para confecci\u00f3n que facilita pegado y reciclado<\/a><\/h3><\/div>\n\t\t\t\t\t\t<\/div><!-- .dpt-entry -->\n\t\t\t\t\t\t\t\t\t\t\t\t<div class=\"dpt-entry no-thumbnail\">\n\t\t\t\t\t\t\t<div class=\"dpt-entry-wrapper\"><h3 class=\" dpt-title\"><a class=\"dpt-title-link\" href=\"https:\/\/comunidadtextil.com\/wpnews\/2022\/09\/argentina-exporto-durante-el-primer-semestre-casi-un-8-mas-del-sector-indumentaria\/\" rel=\"bookmark\">Argentina export\u00f3 durante el primer semestre casi un 8% m\u00e1s del sector indumentaria<\/a><\/h3><\/div>\n\t\t\t\t\t\t<\/div><!-- .dpt-entry -->\n\t\t\t\t\t\t\t\t\t\t\t\t<div class=\"dpt-entry no-thumbnail\">\n\t\t\t\t\t\t\t<div class=\"dpt-entry-wrapper\"><h3 class=\" dpt-title\"><a class=\"dpt-title-link\" href=\"https:\/\/comunidadtextil.com\/wpnews\/2022\/03\/una-plataforma-tailandesa-se-ocupa-de-reubicar-sobrantes-de-la-industria-confeccionista\/\" rel=\"bookmark\">Una plataforma tailandesa se ocupa de reubicar sobrantes de la industria confeccionista<\/a><\/h3><\/div>\n\t\t\t\t\t\t<\/div><!-- .dpt-entry -->\n\t\t\t\t\t\t\t\t\t\t\t\t<div class=\"dpt-entry no-thumbnail\">\n\t\t\t\t\t\t\t<div class=\"dpt-entry-wrapper\"><h3 class=\" dpt-title\"><a class=\"dpt-title-link\" href=\"https:\/\/comunidadtextil.com\/wpnews\/2022\/03\/se-presento-oficialmente-el-programa-accion-moda-para-vender-ropa-a-precios-bajos\/\" rel=\"bookmark\">Se present\u00f3 oficialmente el programa \u2018Acci\u00f3n Moda\u2019 para vender ropa a precios bajos<\/a><\/h3><\/div>\n\t\t\t\t\t\t<\/div><!-- .dpt-entry -->\n\t\t\t\t\t\t\t\t\t\t\t\t<div class=\"dpt-entry no-thumbnail\">\n\t\t\t\t\t\t\t<div class=\"dpt-entry-wrapper\"><h3 class=\" dpt-title\"><a class=\"dpt-title-link\" href=\"https:\/\/comunidadtextil.com\/wpnews\/2022\/03\/la-industria-textil-peruana-pide-medidas-para-recuperarse-de-la-caida-de-la-produccion\/\" rel=\"bookmark\">La industria textil peruana pide medidas para recuperarse de la ca\u00edda de la producci\u00f3n<\/a><\/h3><\/div>\n\t\t\t\t\t\t<\/div><!-- .dpt-entry -->\n\t\t\t\t\t\t\t\t\t\t\t\t<div class=\"dpt-entry no-thumbnail\">\n\t\t\t\t\t\t\t<div class=\"dpt-entry-wrapper\"><h3 class=\" dpt-title\"><a class=\"dpt-title-link\" href=\"https:\/\/comunidadtextil.com\/wpnews\/2021\/04\/desarrollan-en-la-argentina-un-equipo-de-alta-velocidad-para-fabricacion-de-barbijos\/\" rel=\"bookmark\">Desarrollan en la Argentina un equipo de alta velocidad para fabricaci\u00f3n de barbijos<\/a><\/h3><\/div>\n\t\t\t\t\t\t<\/div><!-- .dpt-entry -->\n\t\t\t\t\t\t\t\t\t\t\t\t<div class=\"dpt-entry no-thumbnail\">\n\t\t\t\t\t\t\t<div class=\"dpt-entry-wrapper\"><h3 class=\" dpt-title\"><a class=\"dpt-title-link\" href=\"https:\/\/comunidadtextil.com\/wpnews\/2021\/01\/mango-lanzo-una-linea-para-el-hogar-en-sintonia-con-la-epoca-de-quedarse-en-casa\/\" rel=\"bookmark\">Mango lanz\u00f3 una l\u00ednea para el hogar en sinton\u00eda con la \u00e9poca de \u2018quedarse en casa\u2019<\/a><\/h3><\/div>\n\t\t\t\t\t\t<\/div><!-- .dpt-entry -->\n\t\t\t\t\t\t\t\t\t\t\t\t<div class=\"dpt-entry no-thumbnail\">\n\t\t\t\t\t\t\t<div class=\"dpt-entry-wrapper\"><h3 class=\" dpt-title\"><a class=\"dpt-title-link\" href=\"https:\/\/comunidadtextil.com\/wpnews\/2020\/09\/argentina-busca-generar-una-serie-de-normas-sobre-talles-con-medidas-en-centimetros\/\" rel=\"bookmark\">Argentina busca generar una serie de normas sobre talles con medidas en cent\u00edmetros<\/a><\/h3><\/div>\n\t\t\t\t\t\t<\/div><!-- .dpt-entry -->\n\t\t\t\t\t\t\t\t\t\t\t\t<div class=\"dpt-entry no-thumbnail\">\n\t\t\t\t\t\t\t<div class=\"dpt-entry-wrapper\"><h3 class=\" dpt-title\"><a class=\"dpt-title-link\" href=\"https:\/\/comunidadtextil.com\/wpnews\/2020\/05\/los-minoristas-comienzan-a-hablar-de-los-pros-y-contras-de-las-compras-via-internet-2\/\" rel=\"bookmark\">Los minoristas comienzan a hablar de los pros y contras de las compras v\u00eda internet<\/a><\/h3><\/div>\n\t\t\t\t\t\t<\/div><!-- .dpt-entry -->\n\t\t\t\t\t\t\t\t\t\t\t\t<div class=\"dpt-entry no-thumbnail\">\n\t\t\t\t\t\t\t<div class=\"dpt-entry-wrapper\"><h3 class=\" dpt-title\"><a class=\"dpt-title-link\" href=\"https:\/\/comunidadtextil.com\/wpnews\/2020\/05\/pacto-de-grandes-empresas-y-sectores-sindicales-para-buscar-recuperar-la-industria\/\" rel=\"bookmark\">Pacto de grandes empresas y sectores sindicales para buscar recuperar la industria<\/a><\/h3><\/div>\n\t\t\t\t\t\t<\/div><!-- .dpt-entry -->\n\t\t\t\t\t\t\t\t\t\t\t\t<div class=\"dpt-entry no-thumbnail\">\n\t\t\t\t\t\t\t<div class=\"dpt-entry-wrapper\"><h3 class=\" dpt-title\"><a class=\"dpt-title-link\" href=\"https:\/\/comunidadtextil.com\/wpnews\/2020\/05\/los-minoristas-comienzan-a-hablar-de-los-pros-y-contras-de-las-compras-via-internet\/\" rel=\"bookmark\">Los minoristas comienzan a hablar de los pros y contras de las compras v\u00eda internet<\/a><\/h3><\/div>\n\t\t\t\t\t\t<\/div><!-- .dpt-entry -->\n\t\t\t\t\t\t\t\t\t\t\t\t<div class=\"dpt-entry no-thumbnail\">\n\t\t\t\t\t\t\t<div class=\"dpt-entry-wrapper\"><h3 class=\" dpt-title\"><a class=\"dpt-title-link\" href=\"https:\/\/comunidadtextil.com\/wpnews\/2020\/05\/un-informe-de-mckinsey-urge-la-transformacion-digital-en-el-sector-de-la-indumentaria\/\" rel=\"bookmark\">Un informe de McKinsey urge la transformaci\u00f3n digital en el sector de la indumentaria<\/a><\/h3><\/div>\n\t\t\t\t\t\t<\/div><!-- .dpt-entry -->\n\t\t\t\t\t\t\t\t\t\t\t\t<div class=\"dpt-entry no-thumbnail\">\n\t\t\t\t\t\t\t<div class=\"dpt-entry-wrapper\"><h3 class=\" dpt-title\"><a class=\"dpt-title-link\" href=\"https:\/\/comunidadtextil.com\/wpnews\/2020\/04\/el-coronavirus-pone-en-jaque-a-las-empresas-del-sector-textil-y-confeccion-del-mundo\/\" rel=\"bookmark\">El coronavirus pone en jaque a las empresas del sector textil y confecci\u00f3n del mundo<\/a><\/h3><\/div>\n\t\t\t\t\t\t<\/div><!-- .dpt-entry -->\n\t\t\t\t\t\t\n\t\t\t\t<\/div>\n\t\t\t<div class=\"dp-pagination\"><span aria-current=\"page\" class=\"page-numbers current\">1<\/span>\n<a class=\"page-numbers\" href=\"https:\/\/comunidadtextil.com\/wpnews\/wp-json\/wp\/v2\/pages\/17235\/?paged1=2\">2<\/a>\n<a class=\"page-numbers\" href=\"https:\/\/comunidadtextil.com\/wpnews\/wp-json\/wp\/v2\/pages\/17235\/?paged1=3\">3<\/a>\n<a class=\"page-numbers\" href=\"https:\/\/comunidadtextil.com\/wpnews\/wp-json\/wp\/v2\/pages\/17235\/?paged1=4\">4<\/a>\n<a class=\"next page-numbers\" href=\"https:\/\/comunidadtextil.com\/wpnews\/wp-json\/wp\/v2\/pages\/17235\/?paged1=2\">Siguiente &raquo;<\/a><\/div>\t\t\t<\/div>\n\t\t\t\n","protected":false},"excerpt":{"rendered":"","protected":false},"author":1924,"featured_media":0,"parent":0,"menu_order":0,"comment_status":"closed","ping_status":"closed","template":"","meta":{"footnotes":""},"class_list":["post-17235","page","type-page","status-publish","hentry","count-0","even alt","author-adminct","last"],"_links":{"self":[{"href":"https:\/\/comunidadtextil.com\/wpnews\/wp-json\/wp\/v2\/pages\/17235","targetHints":{"allow":["GET"]}}],"collection":[{"href":"https:\/\/comunidadtextil.com\/wpnews\/wp-json\/wp\/v2\/pages"}],"about":[{"href":"https:\/\/comunidadtextil.com\/wpnews\/wp-json\/wp\/v2\/types\/page"}],"author":[{"embeddable":true,"href":"https:\/\/comunidadtextil.com\/wpnews\/wp-json\/wp\/v2\/users\/1924"}],"replies":[{"embeddable":true,"href":"https:\/\/comunidadtextil.com\/wpnews\/wp-json\/wp\/v2\/comments?post=17235"}],"version-history":[{"count":2,"href":"https:\/\/comunidadtextil.com\/wpnews\/wp-json\/wp\/v2\/pages\/17235\/revisions"}],"predecessor-version":[{"id":17237,"href":"https:\/\/comunidadtextil.com\/wpnews\/wp-json\/wp\/v2\/pages\/17235\/revisions\/17237"}],"wp:attachment":[{"href":"https:\/\/comunidadtextil.com\/wpnews\/wp-json\/wp\/v2\/media?parent=17235"}],"curies":[{"name":"wp","href":"https:\/\/api.w.org\/{rel}","templated":true}]}}