{"id":16924,"date":"2024-09-02T11:31:12","date_gmt":"2024-09-02T14:31:12","guid":{"rendered":"http:\/\/comunidadtextil.com\/wpnews\/?page_id=16924"},"modified":"2024-10-08T20:57:47","modified_gmt":"2024-10-08T23:57:47","slug":"noticias-recientes","status":"publish","type":"page","link":"https:\/\/comunidadtextil.com\/wpnews\/","title":{"rendered":"Noticias recientes"},"content":{"rendered":"\n\t\t\t<div class=\"display-post-types\">\n\t\t\t\t\n\t\t\t\t\t\t\t<style type=\"text\/css\">\n\t\t\t#dpt-wrapper-564 { --dpt-text-align: left;--dpt-image-crop: center;--dpt-border-radius: 5px;--dpt-h-gutter: 10px;--dpt-v-gutter: 10px; }\t\t\t<\/style>\n\t\t\t<style type=\"text\/css\">#dpt-wrapper-564 { --dpt-title-font-style:normal;--dpt-title-font-weight:600;--dpt-title-font-size:22px;--dpt-title-line-height:1.5;--dpt-title-text-decoration:none;--dpt-title-text-transform:none;--dpt-excerpt-font-style:normal;--dpt-excerpt-font-weight:400;--dpt-excerpt-line-height:1.5;--dpt-excerpt-text-decoration:none;--dpt-excerpt-text-transform:none;--dpt-meta1-font-style:normal;--dpt-meta1-font-weight:400;--dpt-meta1-line-height:1.9;--dpt-meta1-text-decoration:none;--dpt-meta1-text-transform:none;--dpt-meta2-font-style:normal;--dpt-meta2-font-weight:400;--dpt-meta2-line-height:1.9;--dpt-meta2-text-decoration:none;--dpt-meta2-text-transform:none;--dpt-wrapper-padding:10px 10px 10px 10px;--dpt-wrapper-br-width:1px 1px 1px 1px;--dpt-wrapper-entry-width:80%;--dpt-wrapper-br-radius:5px 5px 5px 5px;--dpt-wrapper-br-color:; }<\/style><div class=\" dpt-main-header\"><div class=\"dpt-main-title\"><span class=\"dpt-main-title-text\">Noticias Recientes<\/span><\/div><\/div>\t\t\t\n\t\t\t\t<div id=\"dpt-wrapper-564\" class=\"dpt-wrapper dpt-list2 dpt-flex-wrap dpt-contained-wraptype\" >\n\n\t\t\t\t\t\t\t\t\t\t\t<div class=\"dpt-entry no-thumbnail\">\n\t\t\t\t\t\t\t<div class=\"dpt-entry-wrapper\"><h3 class=\" dpt-title\"><a class=\"dpt-title-link\" href=\"https:\/\/comunidadtextil.com\/wpnews\/2026\/03\/ykk-lanzo-un-nuevo-cierre-mucho-mas-liviano-ideal-para-usar-en-prendas-de-algodon\/\" rel=\"bookmark\">YKK lanz\u00f3 un nuevo cierre mucho m\u00e1s liviano, ideal para usar en prendas de algod\u00f3n<\/a><\/h3><\/div>\n\t\t\t\t\t\t<\/div><!-- .dpt-entry -->\n\t\t\t\t\t\t\t\t\t\t\t\t<div class=\"dpt-entry no-thumbnail\">\n\t\t\t\t\t\t\t<div class=\"dpt-entry-wrapper\"><h3 class=\" dpt-title\"><a class=\"dpt-title-link\" href=\"https:\/\/comunidadtextil.com\/wpnews\/2026\/03\/europa-multara-a-plataformas-que-entreguen-productos-que-sean-considerados-inseguros\/\" rel=\"bookmark\">Europa multar\u00e1 a plataformas que entreguen productos que sean considerados inseguros<\/a><\/h3><\/div>\n\t\t\t\t\t\t<\/div><!-- .dpt-entry -->\n\t\t\t\t\t\t\t\t\t\t\t\t<div class=\"dpt-entry no-thumbnail\">\n\t\t\t\t\t\t\t<div class=\"dpt-entry-wrapper\"><h3 class=\" dpt-title\"><a class=\"dpt-title-link\" href=\"https:\/\/comunidadtextil.com\/wpnews\/2026\/03\/la-feria-colombiana-createx-mostrara-en-bogota-una-vez-mas-del-insumo-a-la-prenda\/\" rel=\"bookmark\">La feria colombiana Createx mostrar\u00e1 en Bogot\u00e1 una vez m\u00e1s \u2018del insumo a la prenda\u2019<\/a><\/h3><\/div>\n\t\t\t\t\t\t<\/div><!-- .dpt-entry -->\n\t\t\t\t\t\t\t\t\t\t\t\t<div class=\"dpt-entry no-thumbnail\">\n\t\t\t\t\t\t\t<div class=\"dpt-entry-wrapper\"><h3 class=\" dpt-title\"><a class=\"dpt-title-link\" href=\"https:\/\/comunidadtextil.com\/wpnews\/2026\/03\/denim-premiere-vision-llega-a-oriente-y-tendra-su-primera-edicion-en-la-capital-japonesa\/\" rel=\"bookmark\">Denim Premi\u00e8re Vision llega a Oriente y tendr\u00e1 su primera edici\u00f3n en la capital japonesa<\/a><\/h3><\/div>\n\t\t\t\t\t\t<\/div><!-- .dpt-entry -->\n\t\t\t\t\t\t\t\t\t\t\t\t<div class=\"dpt-entry no-thumbnail\">\n\t\t\t\t\t\t\t<div class=\"dpt-entry-wrapper\"><h3 class=\" dpt-title\"><a class=\"dpt-title-link\" href=\"https:\/\/comunidadtextil.com\/wpnews\/2026\/03\/argentina-compras-online-agravan-la-crisis-minorista-y-aumentan-los-locales-vacios\/\" rel=\"bookmark\">Argentina: compras online agravan la crisis minorista y aumentan los locales vac\u00edos<\/a><\/h3><\/div>\n\t\t\t\t\t\t<\/div><!-- .dpt-entry -->\n\t\t\t\t\t\t\t\t\t\t\t\t<div class=\"dpt-entry no-thumbnail\">\n\t\t\t\t\t\t\t<div class=\"dpt-entry-wrapper\"><h3 class=\" dpt-title\"><a class=\"dpt-title-link\" href=\"https:\/\/comunidadtextil.com\/wpnews\/2026\/03\/la-industria-pyme-argentina-llevo-al-parlamento-un-fuerte-proyecto-para-la-reactivacion\/\" rel=\"bookmark\">La industria PYME argentina llev\u00f3 al Parlamento un fuerte proyecto para la reactivaci\u00f3n<\/a><\/h3><\/div>\n\t\t\t\t\t\t<\/div><!-- .dpt-entry -->\n\t\t\t\t\t\t\t\t\t\t\t\t<div class=\"dpt-entry no-thumbnail\">\n\t\t\t\t\t\t\t<div class=\"dpt-entry-wrapper\"><h3 class=\" dpt-title\"><a class=\"dpt-title-link\" href=\"https:\/\/comunidadtextil.com\/wpnews\/2026\/03\/mango-vuelve-proximamente-al-mercado-de-argentina-a-traves-de-una-empresa-local\/\" rel=\"bookmark\">Mango vuelve pr\u00f3ximamente al mercado de Argentina a trav\u00e9s de una Empresa local<\/a><\/h3><\/div>\n\t\t\t\t\t\t<\/div><!-- .dpt-entry -->\n\t\t\t\t\t\t\t\t\t\t\t\t<div class=\"dpt-entry no-thumbnail\">\n\t\t\t\t\t\t\t<div class=\"dpt-entry-wrapper\"><h3 class=\" dpt-title\"><a class=\"dpt-title-link\" href=\"https:\/\/comunidadtextil.com\/wpnews\/2026\/03\/peru-acuerda-promover-la-manufactura-responsable-en-el-sector-textil-y-de-confeccion\/\" rel=\"bookmark\">Per\u00fa acuerda promover la manufactura responsable en el sector textil y de confecci\u00f3n<\/a><\/h3><\/div>\n\t\t\t\t\t\t<\/div><!-- .dpt-entry -->\n\t\t\t\t\t\t\t\t\t\t\t\t<div class=\"dpt-entry no-thumbnail\">\n\t\t\t\t\t\t\t<div class=\"dpt-entry-wrapper\"><h3 class=\" dpt-title\"><a class=\"dpt-title-link\" href=\"https:\/\/comunidadtextil.com\/wpnews\/2026\/03\/las-mujeres-son-el-80-del-personal-que-trabaja-en-la-industria-de-la-indumentaria\/\" rel=\"bookmark\">Las mujeres son el 80% del personal que trabaja en la industria de la indumentaria<\/a><\/h3><\/div>\n\t\t\t\t\t\t<\/div><!-- .dpt-entry -->\n\t\t\t\t\t\t\t\t\t\t\t\t<div class=\"dpt-entry no-thumbnail\">\n\t\t\t\t\t\t\t<div class=\"dpt-entry-wrapper\"><h3 class=\" dpt-title\"><a class=\"dpt-title-link\" href=\"https:\/\/comunidadtextil.com\/wpnews\/2026\/03\/thermore-presenta-ecodown-fibers-t2t-que-transforma-los-residuos-textiles-en-calor\/\" rel=\"bookmark\">Thermore presenta Ecodown Fibers T2T, que transforma los residuos textiles en calor<\/a><\/h3><\/div>\n\t\t\t\t\t\t<\/div><!-- .dpt-entry -->\n\t\t\t\t\t\t\t\t\t\t\t\t<div class=\"dpt-entry no-thumbnail\">\n\t\t\t\t\t\t\t<div class=\"dpt-entry-wrapper\"><h3 class=\" dpt-title\"><a class=\"dpt-title-link\" href=\"https:\/\/comunidadtextil.com\/wpnews\/2026\/03\/shima-seiki-se-asocia-con-clo-virtual-fashion-para-unir-diseno-y-simulacion-3d\/\" rel=\"bookmark\">Shima Seiki se asocia con CLO Virtual Fashion para unir dise\u00f1o y simulaci\u00f3n 3D<\/a><\/h3><\/div>\n\t\t\t\t\t\t<\/div><!-- .dpt-entry -->\n\t\t\t\t\t\t\t\t\t\t\t\t<div class=\"dpt-entry no-thumbnail\">\n\t\t\t\t\t\t\t<div class=\"dpt-entry-wrapper\"><h3 class=\" dpt-title\"><a class=\"dpt-title-link\" href=\"https:\/\/comunidadtextil.com\/wpnews\/2026\/03\/lycra-entra-en-capitulo-11-y-trata-de-negociar-su-antigua-deuda-de-us1-200-millones\/\" rel=\"bookmark\">Lycra entra en Cap\u00edtulo 11 y trata de negociar su antigua deuda de US$1.200 millones<\/a><\/h3><\/div>\n\t\t\t\t\t\t<\/div><!-- .dpt-entry -->\n\t\t\t\t\t\t\t\t\t\t\t\t<div class=\"dpt-entry no-thumbnail\">\n\t\t\t\t\t\t\t<div class=\"dpt-entry-wrapper\"><h3 class=\" dpt-title\"><a class=\"dpt-title-link\" href=\"https:\/\/comunidadtextil.com\/wpnews\/2026\/03\/la-serie-sobre-kennedy-jr-y-carolyn-bessette-muestra-su-increible-influencia-en-la-moda\/\" rel=\"bookmark\">La serie sobre Kennedy Jr. Y Carolyn Bessette muestra su incre\u00edble influencia en la moda<\/a><\/h3><\/div>\n\t\t\t\t\t\t<\/div><!-- .dpt-entry -->\n\t\t\t\t\t\t\t\t\t\t\t\t<div class=\"dpt-entry no-thumbnail\">\n\t\t\t\t\t\t\t<div class=\"dpt-entry-wrapper\"><h3 class=\" dpt-title\"><a class=\"dpt-title-link\" href=\"https:\/\/comunidadtextil.com\/wpnews\/2026\/03\/los-empresarios-de-europa-reclaman-que-se-controlen-ya-las-compras-de-plataformas\/\" rel=\"bookmark\">Los empresarios de Europa reclaman que se controlen ya las compras de plataformas<\/a><\/h3><\/div>\n\t\t\t\t\t\t<\/div><!-- .dpt-entry -->\n\t\t\t\t\t\t\n\t\t\t\t<\/div>\n\t\t\t<div class=\"dp-pagination\"><span aria-current=\"page\" class=\"page-numbers current\">1<\/span>\n<a class=\"page-numbers\" href=\"https:\/\/comunidadtextil.com\/wpnews\/wp-json\/wp\/v2\/pages\/16924\/?paged1=2\">2<\/a>\n<a class=\"page-numbers\" href=\"https:\/\/comunidadtextil.com\/wpnews\/wp-json\/wp\/v2\/pages\/16924\/?paged1=3\">3<\/a>\n<span class=\"page-numbers dots\">&hellip;<\/span>\n<a class=\"page-numbers\" href=\"https:\/\/comunidadtextil.com\/wpnews\/wp-json\/wp\/v2\/pages\/16924\/?paged1=171\">171<\/a>\n<a class=\"next page-numbers\" href=\"https:\/\/comunidadtextil.com\/wpnews\/wp-json\/wp\/v2\/pages\/16924\/?paged1=2\">Siguiente &raquo;<\/a><\/div>\t\t\t<\/div>\n\t\t\t\n","protected":false},"excerpt":{"rendered":"","protected":false},"author":1924,"featured_media":0,"parent":0,"menu_order":0,"comment_status":"closed","ping_status":"closed","template":"","meta":{"footnotes":""},"class_list":["post-16924","page","type-page","status-publish","hentry","count-0","even alt","author-adminct","last"],"_links":{"self":[{"href":"https:\/\/comunidadtextil.com\/wpnews\/wp-json\/wp\/v2\/pages\/16924","targetHints":{"allow":["GET"]}}],"collection":[{"href":"https:\/\/comunidadtextil.com\/wpnews\/wp-json\/wp\/v2\/pages"}],"about":[{"href":"https:\/\/comunidadtextil.com\/wpnews\/wp-json\/wp\/v2\/types\/page"}],"author":[{"embeddable":true,"href":"https:\/\/comunidadtextil.com\/wpnews\/wp-json\/wp\/v2\/users\/1924"}],"replies":[{"embeddable":true,"href":"https:\/\/comunidadtextil.com\/wpnews\/wp-json\/wp\/v2\/comments?post=16924"}],"version-history":[{"count":4,"href":"https:\/\/comunidadtextil.com\/wpnews\/wp-json\/wp\/v2\/pages\/16924\/revisions"}],"predecessor-version":[{"id":16930,"href":"https:\/\/comunidadtextil.com\/wpnews\/wp-json\/wp\/v2\/pages\/16924\/revisions\/16930"}],"wp:attachment":[{"href":"https:\/\/comunidadtextil.com\/wpnews\/wp-json\/wp\/v2\/media?parent=16924"}],"curies":[{"name":"wp","href":"https:\/\/api.w.org\/{rel}","templated":true}]}}